{"id":18,"date":"2021-10-12T15:21:05","date_gmt":"2021-10-12T15:21:05","guid":{"rendered":"https:\/\/startertemplatecloud.com\/g14\/?page_id=18"},"modified":"2024-05-08T17:37:44","modified_gmt":"2024-05-08T16:37:44","slug":"o-metodzie","status":"publish","type":"page","link":"https:\/\/justsoundandvibration.com\/en\/o-metodzie\/","title":{"rendered":"The Peter Hess Method"},"content":{"rendered":"<style>.kb-row-layout-id18_163846-de > .kt-row-column-wrap{align-content:start;}:where(.kb-row-layout-id18_163846-de > .kt-row-column-wrap) > .wp-block-kadence-column{justify-content:start;}.kb-row-layout-id18_163846-de > .kt-row-column-wrap{column-gap:var(--global-kb-gap-md, 2rem);row-gap:var(--global-kb-gap-md, 2rem);max-width:var( --global-content-width, 1290px );padding-left:var(--global-content-edge-padding);padding-right:var(--global-content-edge-padding);padding-top:150px;padding-bottom:80px;grid-template-columns:minmax(0, 1fr);}.kb-row-layout-id18_163846-de{background-image:url('http:\/\/justsoundandvibration.com\/wp-content\/uploads\/2024\/02\/image1-1.jpeg');background-size:cover;background-position:center center;background-attachment:scroll;background-repeat:no-repeat;}.kb-row-layout-id18_163846-de > .kt-row-layout-overlay{opacity:0.85;background-color:var(--global-palette9, #ffffff);}@media all and (max-width: 1024px){.kb-row-layout-id18_163846-de > .kt-row-column-wrap{grid-template-columns:minmax(0, 1fr);}}@media all and (max-width: 767px){.kb-row-layout-id18_163846-de > .kt-row-column-wrap{grid-template-columns:minmax(0, 1fr);}}<\/style><div class=\"kb-row-layout-wrap kb-row-layout-id18_163846-de alignnone kt-row-has-bg wp-block-kadence-rowlayout\"><div class=\"kt-row-layout-overlay kt-row-overlay-normal\"><\/div><div class=\"kt-row-column-wrap kt-has-1-columns kt-row-layout-equal kt-tab-layout-inherit kt-mobile-layout-row kt-row-valign-top kb-theme-content-width\">\n<style>.kadence-column18_583d59-7a > .kt-inside-inner-col,.kadence-column18_583d59-7a > .kt-inside-inner-col:before{border-top-left-radius:0px;border-top-right-radius:0px;border-bottom-right-radius:0px;border-bottom-left-radius:0px;}.kadence-column18_583d59-7a > .kt-inside-inner-col{column-gap:var(--global-kb-gap-sm, 1rem);}.kadence-column18_583d59-7a > .kt-inside-inner-col{flex-direction:column;}.kadence-column18_583d59-7a > .kt-inside-inner-col > .aligncenter{width:100%;}.kadence-column18_583d59-7a > .kt-inside-inner-col:before{opacity:0.3;}.kadence-column18_583d59-7a{position:relative;}@media all and (max-width: 1024px){.kadence-column18_583d59-7a > .kt-inside-inner-col{flex-direction:column;}}@media all and (max-width: 767px){.kadence-column18_583d59-7a > .kt-inside-inner-col{flex-direction:column;}}<\/style>\n<div class=\"wp-block-kadence-column kadence-column18_583d59-7a inner-column-1\"><div class=\"kt-inside-inner-col\"><style>.wp-block-kadence-advancedheading.kt-adv-heading18_891a17-81, .wp-block-kadence-advancedheading.kt-adv-heading18_891a17-81[data-kb-block=\"kb-adv-heading18_891a17-81\"]{text-align:center;font-style:normal;}.wp-block-kadence-advancedheading.kt-adv-heading18_891a17-81 mark.kt-highlight, .wp-block-kadence-advancedheading.kt-adv-heading18_891a17-81[data-kb-block=\"kb-adv-heading18_891a17-81\"] mark.kt-highlight{font-style:normal;color:#f76a0c;-webkit-box-decoration-break:clone;box-decoration-break:clone;padding-top:0px;padding-right:0px;padding-bottom:0px;padding-left:0px;}<\/style>\n<h1 class=\"kt-adv-heading18_891a17-81 wp-block-kadence-advancedheading has-theme-palette-2-color has-text-color\" data-kb-block=\"kb-adv-heading18_891a17-81\"><strong>What is the Peter Hess\u00ae method?<\/strong><\/h1>\n\n<p>During sound massage according to the Peter Hess\u00ae method, bowls (therapeutic, certified by the Peter Hess Institute) are placed on the body of the person being massaged, and then struck with a felt stick. This causes the instrument to vibrate, which is felt throughout the body.<\/p>\n\n<p>Classic sound massage is performed in a lying position on the stomach and back, but there are variants tailored to the individual needs and capabilities of clients. It usually begins with the reflex zones on the feet, and then the bowls are placed successively in the middle of the back, in the area of \u200b\u200bthe lumbar region, coccyx, chest, arms and hands.<\/p>\n\n<p><strong>The sounds spread concentrically, leading to deep relaxation of the entire body.&nbsp;<\/strong>The resonance between two bowls struck simultaneously is particularly pleasant. Then, aliquots are created that support achieving a state of deep relaxation and transitioning to the alpha state. At first glance, the method seems very simple, but it should be remembered that for professional and effective use it requires knowledge, experience and mindfulness. It is used in biological regeneration, pedagogy, rehabilitation, therapy and others.<\/p>\n\n<p><strong>The sound massage method according to Peter Hess\u00ae can be combined with other massage techniques or relaxation with the accompaniment of sounds, so-called sound baths.<\/strong><\/p>\n\n<p>The Peter Hess\u00ae sound massage lasts approximately 45 minutes on average. Clients should wear comfortable clothing that allows for unrestricted movement during the massage.<\/p>\n\n<p>The main benefit of working with sound is the reduction of stress, which contributes to the development of many diseases. The vibrations of singing bowls allow our brains to move from the beta state - when we remain alert and focused, to the state when alpha waves appear, and even further towards theta waves.<\/p>\n\n<p>Alpha waves occur in states of deep relaxation, peace and relaxation, they are also associated with creativity, reflection and a sense of inspiration, and the vibrations generated by singing bowls make it easier for us to achieve this state. Thanks to this work, we also more easily enter the state associated with the appearance of theta brain waves - characteristic of meditation. Theta waves also affect the development of imagination, creativity and intuition. These states are a kind of SPA for our bodies. During deep relaxation, repair processes begin in our bodies, the body stores energy, the level of stress-related hormones such as cortisol, adrenaline and noradrenaline decreases, oxygen consumption also decreases, and we, after a dozen or so minutes of relaxation, can feel rested and regenerated as after a few hours of sleep.<\/p>\n\n<h2 class=\"wp-block-heading\"><strong>&nbsp;<\/strong><\/h2>\n\n<p class=\"has-theme-palette-2-color has-text-color has-link-color wp-elements-3f3e0dc0bffc21a3bd02ac74483276cd\"><strong>FOR WHO?&nbsp;<\/strong><\/p>\n\n<p>The offer is addressed to adults interested in personal and spiritual development, achieving a state of inner balance, rest and relaxation, reducing tension and stress.<\/p>\n\n<p>The method does not cause side effects, is safe and non-invasive, although it should be avoided by women in the first and last weeks of pregnancy, patients with pacemakers and people under the influence of psychotropic substances who are not under the care of a doctor. Supporters of sound massage recommend it for the following ailments and diseases:<\/p>\n\n<ul class=\"wp-block-list\"><li>chronic stress,<\/li>\n\n<li>tension,<\/li>\n\n<li>tiredness,<\/li>\n\n<li><a href=\"https:\/\/zdrowie.gazeta.pl\/Zdrowie\/7,145744,18035993,Co_to_jest_depresja_.html\">depression,<\/a>,<\/li>\n\n<li><a href=\"https:\/\/zdrowie.gazeta.pl\/Zdrowie\/1,105912,9649809,Schizofrenia.html\">schizophrenia,<\/a>,<\/li>\n\n<li>neurosis,<\/li>\n\n<li>insomnia,<\/li>\n\n<li>bone and muscle pain,<\/li>\n\n<li>migraines,<\/li>\n\n<li>fractures,<\/li>\n\n<li>dislocations,<\/li>\n\n<li>scars,<\/li>\n\n<li>circulatory problems.<\/li><\/ul>\n\n<p class=\"has-theme-palette-2-color has-text-color has-link-color wp-elements-555a4f5e8311df210c2deaade51ea520\"><strong>HOW DOES THE SESSION WORK?&nbsp;<\/strong><\/p>\n\n<ul class=\"wp-block-list\"><li>Conversation<\/li>\n\n<li>Breathing session<\/li>\n\n<li>Introduction to massage.<\/li>\n\n<li>Sound massage with Tibetan bowls on the body or\/and in the \"non-contact\" version, when the bowls are placed around the body<\/li>\n\n<li>Sound session using gong, Tibetan bowls and Koshi bells<\/li>\n\n<li>End of session.<\/li><\/ul>\n\n<p class=\"has-theme-palette-2-color has-text-color has-link-color wp-elements-c6147ef2d15cad6e791c448eb2aed686\"><strong>BENEFITS OF PARTICIPATION IN THE SESSION:&nbsp;<\/strong><\/p>\n\n<ul class=\"wp-block-list\"><li>stress reduction<\/li>\n\n<li>reducing emotions accumulated in everyday life,<\/li>\n\n<li>revitalization and strengthening of the body's self-healing abilities,<br>a state of peace, relaxation and harmony,<\/li>\n\n<li>release of blocked energy,<\/li>\n\n<li>supporting the treatment of migraine headaches, insomnia and hyperactivity.\u00a0<\/li><\/ul>\n\n<p><strong>Session duration:<\/strong>&nbsp;about 60 min<br><\/p>\n\n<p class=\"has-theme-palette-2-color has-text-color has-link-color wp-elements-0fa762156312f936015bd2235865228d\"><strong>CONTRAINDICATIONS:<\/strong><br>Psychotic states, psychotropic drugs, epilepsy, pacemaker, hearing aid or other devices in the body, acute inflammation, pregnancy, menstruation, hemorrhage, thrombosis, hypotension, being under the influence of narcotic substances, including alcohol.<\/p><\/div><\/div>\n<\/div><\/div><p><\/p>","protected":false},"excerpt":{"rendered":"<p>Czym jest metoda&nbsp;Petera Hessa\u00ae? Podczas masa\u017cu d\u017awi\u0119kiem wg&nbsp;metody Petera Hessa\u00ae na&nbsp;ciele masowanej osoby ustawia si\u0119 misy (terapeutyczne, z&nbsp;atestem Peter Hess Institut), a&nbsp;nast\u0119pnie uderza je filcow\u0105 pa\u0142k\u0105. Wprowadza to&nbsp;instrument w&nbsp;wibracje odczuwane na&nbsp;ca\u0142ym ciele. Klasyczny masa\u017c d\u017awi\u0119kiem odbywa si\u0119 w&nbsp;pozycji le\u017c\u0105cej na&nbsp;brzuchu i&nbsp;na plecach, ale&nbsp;wyst\u0119puj\u0105 warianty dopasowane do&nbsp;indywidualnych potrzeb i&nbsp;mo\u017cliwo\u015bci klient\u00f3w. Zazwyczaj rozpoczyna si\u0119 od&nbsp;stref refleksyjnych na&nbsp;stopach,&#8230;<\/p>","protected":false},"author":1,"featured_media":854,"parent":0,"menu_order":0,"comment_status":"closed","ping_status":"closed","template":"","meta":{"_kadence_starter_templates_imported_post":true,"_kad_post_transparent":"","_kad_post_title":"","_kad_post_layout":"","_kad_post_sidebar_id":"","_kad_post_content_style":"","_kad_post_vertical_padding":"","_kad_post_feature":"","_kad_post_feature_position":"","_kad_post_header":false,"_kad_post_footer":false,"footnotes":""},"class_list":["post-18","page","type-page","status-publish","has-post-thumbnail","hentry"],"yoast_head":"<!-- This site is optimized with the Yoast SEO plugin v24.4 - https:\/\/yoast.com\/wordpress\/plugins\/seo\/ -->\n<title>Metoda Petera Hessa - justsoundandvibration<\/title>\n<meta name=\"robots\" content=\"index, follow, max-snippet:-1, max-image-preview:large, max-video-preview:-1\" \/>\n<link rel=\"canonical\" href=\"https:\/\/justsoundandvibration.com\/en\/o-metodzie\/\" \/>\n<meta property=\"og:locale\" content=\"en_GB\" \/>\n<meta property=\"og:type\" content=\"article\" \/>\n<meta property=\"og:title\" content=\"Metoda Petera Hessa - justsoundandvibration\" \/>\n<meta property=\"og:description\" content=\"Czym jest metoda&nbsp;Petera Hessa\u00ae? Podczas masa\u017cu d\u017awi\u0119kiem wg&nbsp;metody Petera Hessa\u00ae na&nbsp;ciele masowanej osoby ustawia si\u0119 misy (terapeutyczne, z&nbsp;atestem Peter Hess Institut), a&nbsp;nast\u0119pnie uderza je filcow\u0105 pa\u0142k\u0105. Wprowadza to&nbsp;instrument w&nbsp;wibracje odczuwane na&nbsp;ca\u0142ym ciele. Klasyczny masa\u017c d\u017awi\u0119kiem odbywa si\u0119 w&nbsp;pozycji le\u017c\u0105cej na&nbsp;brzuchu i&nbsp;na plecach, ale&nbsp;wyst\u0119puj\u0105 warianty dopasowane do&nbsp;indywidualnych potrzeb i&nbsp;mo\u017cliwo\u015bci klient\u00f3w. Zazwyczaj rozpoczyna si\u0119 od&nbsp;stref refleksyjnych na&nbsp;stopach,...\" \/>\n<meta property=\"og:url\" content=\"https:\/\/justsoundandvibration.com\/en\/o-metodzie\/\" \/>\n<meta property=\"og:site_name\" content=\"justsoundandvibration\" \/>\n<meta property=\"article:modified_time\" content=\"2024-05-08T16:37:44+00:00\" \/>\n<meta property=\"og:image\" content=\"https:\/\/justsoundandvibration.com\/wp-content\/uploads\/2021\/10\/Donate-1.jpeg\" \/>\n\t<meta property=\"og:image:width\" content=\"1600\" \/>\n\t<meta property=\"og:image:height\" content=\"1644\" \/>\n\t<meta property=\"og:image:type\" content=\"image\/jpeg\" \/>\n<meta name=\"twitter:card\" content=\"summary_large_image\" \/>\n<meta name=\"twitter:label1\" content=\"Estimated reading time\" \/>\n\t<meta name=\"twitter:data1\" content=\"4 minutes\" \/>\n<script type=\"application\/ld+json\" class=\"yoast-schema-graph\">{\"@context\":\"https:\/\/schema.org\",\"@graph\":[{\"@type\":\"WebPage\",\"@id\":\"https:\/\/justsoundandvibration.com\/o-metodzie\/\",\"url\":\"https:\/\/justsoundandvibration.com\/o-metodzie\/\",\"name\":\"Metoda Petera Hessa - justsoundandvibration\",\"isPartOf\":{\"@id\":\"https:\/\/justsoundandvibration.com\/#website\"},\"primaryImageOfPage\":{\"@id\":\"https:\/\/justsoundandvibration.com\/o-metodzie\/#primaryimage\"},\"image\":{\"@id\":\"https:\/\/justsoundandvibration.com\/o-metodzie\/#primaryimage\"},\"thumbnailUrl\":\"https:\/\/justsoundandvibration.com\/wp-content\/uploads\/2021\/10\/Donate-1.jpeg\",\"datePublished\":\"2021-10-12T15:21:05+00:00\",\"dateModified\":\"2024-05-08T16:37:44+00:00\",\"breadcrumb\":{\"@id\":\"https:\/\/justsoundandvibration.com\/o-metodzie\/#breadcrumb\"},\"inLanguage\":\"en-GB\",\"potentialAction\":[{\"@type\":\"ReadAction\",\"target\":[\"https:\/\/justsoundandvibration.com\/o-metodzie\/\"]}]},{\"@type\":\"ImageObject\",\"inLanguage\":\"en-GB\",\"@id\":\"https:\/\/justsoundandvibration.com\/o-metodzie\/#primaryimage\",\"url\":\"https:\/\/justsoundandvibration.com\/wp-content\/uploads\/2021\/10\/Donate-1.jpeg\",\"contentUrl\":\"https:\/\/justsoundandvibration.com\/wp-content\/uploads\/2021\/10\/Donate-1.jpeg\",\"width\":1600,\"height\":1644},{\"@type\":\"BreadcrumbList\",\"@id\":\"https:\/\/justsoundandvibration.com\/o-metodzie\/#breadcrumb\",\"itemListElement\":[{\"@type\":\"ListItem\",\"position\":1,\"name\":\"Strona g\u0142\u00f3wna\",\"item\":\"https:\/\/justsoundandvibration.com\/\"},{\"@type\":\"ListItem\",\"position\":2,\"name\":\"Metoda Petera Hessa\"}]},{\"@type\":\"WebSite\",\"@id\":\"https:\/\/justsoundandvibration.com\/#website\",\"url\":\"https:\/\/justsoundandvibration.com\/\",\"name\":\"justsoundandvibration\",\"description\":\"masa\u017c misami d\u017awi\u0119kowymi\",\"publisher\":{\"@id\":\"https:\/\/justsoundandvibration.com\/#organization\"},\"potentialAction\":[{\"@type\":\"SearchAction\",\"target\":{\"@type\":\"EntryPoint\",\"urlTemplate\":\"https:\/\/justsoundandvibration.com\/?s={search_term_string}\"},\"query-input\":{\"@type\":\"PropertyValueSpecification\",\"valueRequired\":true,\"valueName\":\"search_term_string\"}}],\"inLanguage\":\"en-GB\"},{\"@type\":\"Organization\",\"@id\":\"https:\/\/justsoundandvibration.com\/#organization\",\"name\":\"justsoundandvibration\",\"url\":\"https:\/\/justsoundandvibration.com\/\",\"logo\":{\"@type\":\"ImageObject\",\"inLanguage\":\"en-GB\",\"@id\":\"https:\/\/justsoundandvibration.com\/#\/schema\/logo\/image\/\",\"url\":\"https:\/\/justsoundandvibration.com\/wp-content\/uploads\/2023\/12\/logo-e1714640773169.png\",\"contentUrl\":\"https:\/\/justsoundandvibration.com\/wp-content\/uploads\/2023\/12\/logo-e1714640773169.png\",\"width\":482,\"height\":432,\"caption\":\"justsoundandvibration\"},\"image\":{\"@id\":\"https:\/\/justsoundandvibration.com\/#\/schema\/logo\/image\/\"}}]}<\/script>\n<!-- \/ Yoast SEO plugin. -->","yoast_head_json":{"title":"Metoda Petera Hessa - justsoundandvibration","robots":{"index":"index","follow":"follow","max-snippet":"max-snippet:-1","max-image-preview":"max-image-preview:large","max-video-preview":"max-video-preview:-1"},"canonical":"https:\/\/justsoundandvibration.com\/en\/o-metodzie\/","og_locale":"en_GB","og_type":"article","og_title":"Metoda Petera Hessa - justsoundandvibration","og_description":"Czym jest metoda&nbsp;Petera Hessa\u00ae? Podczas masa\u017cu d\u017awi\u0119kiem wg&nbsp;metody Petera Hessa\u00ae na&nbsp;ciele masowanej osoby ustawia si\u0119 misy (terapeutyczne, z&nbsp;atestem Peter Hess Institut), a&nbsp;nast\u0119pnie uderza je filcow\u0105 pa\u0142k\u0105. Wprowadza to&nbsp;instrument w&nbsp;wibracje odczuwane na&nbsp;ca\u0142ym ciele. Klasyczny masa\u017c d\u017awi\u0119kiem odbywa si\u0119 w&nbsp;pozycji le\u017c\u0105cej na&nbsp;brzuchu i&nbsp;na plecach, ale&nbsp;wyst\u0119puj\u0105 warianty dopasowane do&nbsp;indywidualnych potrzeb i&nbsp;mo\u017cliwo\u015bci klient\u00f3w. Zazwyczaj rozpoczyna si\u0119 od&nbsp;stref refleksyjnych na&nbsp;stopach,...","og_url":"https:\/\/justsoundandvibration.com\/en\/o-metodzie\/","og_site_name":"justsoundandvibration","article_modified_time":"2024-05-08T16:37:44+00:00","og_image":[{"width":1600,"height":1644,"url":"https:\/\/justsoundandvibration.com\/wp-content\/uploads\/2021\/10\/Donate-1.jpeg","type":"image\/jpeg"}],"twitter_card":"summary_large_image","twitter_misc":{"Estimated reading time":"4 minutes"},"schema":{"@context":"https:\/\/schema.org","@graph":[{"@type":"WebPage","@id":"https:\/\/justsoundandvibration.com\/o-metodzie\/","url":"https:\/\/justsoundandvibration.com\/o-metodzie\/","name":"Metoda Petera Hessa - justsoundandvibration","isPartOf":{"@id":"https:\/\/justsoundandvibration.com\/#website"},"primaryImageOfPage":{"@id":"https:\/\/justsoundandvibration.com\/o-metodzie\/#primaryimage"},"image":{"@id":"https:\/\/justsoundandvibration.com\/o-metodzie\/#primaryimage"},"thumbnailUrl":"https:\/\/justsoundandvibration.com\/wp-content\/uploads\/2021\/10\/Donate-1.jpeg","datePublished":"2021-10-12T15:21:05+00:00","dateModified":"2024-05-08T16:37:44+00:00","breadcrumb":{"@id":"https:\/\/justsoundandvibration.com\/o-metodzie\/#breadcrumb"},"inLanguage":"en-GB","potentialAction":[{"@type":"ReadAction","target":["https:\/\/justsoundandvibration.com\/o-metodzie\/"]}]},{"@type":"ImageObject","inLanguage":"en-GB","@id":"https:\/\/justsoundandvibration.com\/o-metodzie\/#primaryimage","url":"https:\/\/justsoundandvibration.com\/wp-content\/uploads\/2021\/10\/Donate-1.jpeg","contentUrl":"https:\/\/justsoundandvibration.com\/wp-content\/uploads\/2021\/10\/Donate-1.jpeg","width":1600,"height":1644},{"@type":"BreadcrumbList","@id":"https:\/\/justsoundandvibration.com\/o-metodzie\/#breadcrumb","itemListElement":[{"@type":"ListItem","position":1,"name":"Strona g\u0142\u00f3wna","item":"https:\/\/justsoundandvibration.com\/"},{"@type":"ListItem","position":2,"name":"Metoda Petera Hessa"}]},{"@type":"WebSite","@id":"https:\/\/justsoundandvibration.com\/#website","url":"https:\/\/justsoundandvibration.com\/","name":"justsoundandvibration","description":"masa\u017c misami d\u017awi\u0119kowymi","publisher":{"@id":"https:\/\/justsoundandvibration.com\/#organization"},"potentialAction":[{"@type":"SearchAction","target":{"@type":"EntryPoint","urlTemplate":"https:\/\/justsoundandvibration.com\/?s={search_term_string}"},"query-input":{"@type":"PropertyValueSpecification","valueRequired":true,"valueName":"search_term_string"}}],"inLanguage":"en-GB"},{"@type":"Organization","@id":"https:\/\/justsoundandvibration.com\/#organization","name":"justsoundandvibration","url":"https:\/\/justsoundandvibration.com\/","logo":{"@type":"ImageObject","inLanguage":"en-GB","@id":"https:\/\/justsoundandvibration.com\/#\/schema\/logo\/image\/","url":"https:\/\/justsoundandvibration.com\/wp-content\/uploads\/2023\/12\/logo-e1714640773169.png","contentUrl":"https:\/\/justsoundandvibration.com\/wp-content\/uploads\/2023\/12\/logo-e1714640773169.png","width":482,"height":432,"caption":"justsoundandvibration"},"image":{"@id":"https:\/\/justsoundandvibration.com\/#\/schema\/logo\/image\/"}}]}},"_links":{"self":[{"href":"https:\/\/justsoundandvibration.com\/en\/wp-json\/wp\/v2\/pages\/18","targetHints":{"allow":["GET"]}}],"collection":[{"href":"https:\/\/justsoundandvibration.com\/en\/wp-json\/wp\/v2\/pages"}],"about":[{"href":"https:\/\/justsoundandvibration.com\/en\/wp-json\/wp\/v2\/types\/page"}],"author":[{"embeddable":true,"href":"https:\/\/justsoundandvibration.com\/en\/wp-json\/wp\/v2\/users\/1"}],"replies":[{"embeddable":true,"href":"https:\/\/justsoundandvibration.com\/en\/wp-json\/wp\/v2\/comments?post=18"}],"version-history":[{"count":6,"href":"https:\/\/justsoundandvibration.com\/en\/wp-json\/wp\/v2\/pages\/18\/revisions"}],"predecessor-version":[{"id":2608,"href":"https:\/\/justsoundandvibration.com\/en\/wp-json\/wp\/v2\/pages\/18\/revisions\/2608"}],"wp:featuredmedia":[{"embeddable":true,"href":"https:\/\/justsoundandvibration.com\/en\/wp-json\/wp\/v2\/media\/854"}],"wp:attachment":[{"href":"https:\/\/justsoundandvibration.com\/en\/wp-json\/wp\/v2\/media?parent=18"}],"curies":[{"name":"wp","href":"https:\/\/api.w.org\/{rel}","templated":true}]}}