{"id":326,"date":"2020-04-27T23:13:09","date_gmt":"2020-04-27T23:13:09","guid":{"rendered":"https:\/\/demos.kadencewp.com\/blocks-active\/?page_id=326"},"modified":"2024-05-02T17:03:19","modified_gmt":"2024-05-02T16:03:19","slug":"yoga-studio-gallery","status":"publish","type":"page","link":"https:\/\/justsoundandvibration.com\/en\/yoga-studio-gallery\/","title":{"rendered":"Gallery"},"content":{"rendered":"<style>.kb-row-layout-id326_878ab2-74 > .kt-row-column-wrap{align-content:start;}:where(.kb-row-layout-id326_878ab2-74 > .kt-row-column-wrap) > .wp-block-kadence-column{justify-content:start;}.kb-row-layout-id326_878ab2-74 > .kt-row-column-wrap{column-gap:var(--global-kb-gap-md, 2rem);row-gap:var(--global-kb-gap-md, 2rem);padding-top:150px;padding-right:25px;padding-bottom:150px;padding-left:25px;grid-template-columns:minmax(0, 1fr);}.kb-row-layout-id326_878ab2-74{background-image:url('http:\/\/justsoundandvibration.com\/wp-content\/uploads\/2023\/12\/IMG_0418-scaled.jpeg');background-size:cover;background-position:center center;background-attachment:scroll;background-repeat:no-repeat;}.kb-row-layout-id326_878ab2-74 > .kt-row-layout-overlay{opacity:0.50;background-color:#000000;}@media all and (max-width: 1024px){.kb-row-layout-id326_878ab2-74 > .kt-row-column-wrap{grid-template-columns:minmax(0, 1fr);}}@media all and (max-width: 767px){.kb-row-layout-id326_878ab2-74 > .kt-row-column-wrap{grid-template-columns:minmax(0, 1fr);}}<\/style><div class=\"kb-row-layout-wrap kb-row-layout-id326_878ab2-74 alignnone kt-row-has-bg wp-block-kadence-rowlayout\"><div class=\"kt-row-layout-overlay kt-row-overlay-normal\"><\/div><div class=\"kt-row-column-wrap kt-has-1-columns kt-row-layout-equal kt-tab-layout-inherit kt-mobile-layout-row kt-row-valign-top\">\n<style>.kadence-column326_632a89-04 > .kt-inside-inner-col,.kadence-column326_632a89-04 > .kt-inside-inner-col:before{border-top-left-radius:0px;border-top-right-radius:0px;border-bottom-right-radius:0px;border-bottom-left-radius:0px;}.kadence-column326_632a89-04 > .kt-inside-inner-col{column-gap:var(--global-kb-gap-sm, 1rem);}.kadence-column326_632a89-04 > .kt-inside-inner-col{flex-direction:column;}.kadence-column326_632a89-04 > .kt-inside-inner-col > .aligncenter{width:100%;}.kadence-column326_632a89-04 > .kt-inside-inner-col:before{opacity:0.3;}.kadence-column326_632a89-04{position:relative;}@media all and (max-width: 1024px){.kadence-column326_632a89-04 > .kt-inside-inner-col{flex-direction:column;}}@media all and (max-width: 767px){.kadence-column326_632a89-04 > .kt-inside-inner-col{flex-direction:column;}}<\/style>\n<div class=\"wp-block-kadence-column kadence-column326_632a89-04 inner-column-1\"><div class=\"kt-inside-inner-col\"><style>.wp-block-kadence-advancedheading.kt-adv-heading326_48fa7a-0d, .wp-block-kadence-advancedheading.kt-adv-heading326_48fa7a-0d[data-kb-block=\"kb-adv-heading326_48fa7a-0d\"]{margin-bottom:10px;text-align:center;font-size:40px;line-height:54px;font-weight:normal;font-style:normal;}.wp-block-kadence-advancedheading.kt-adv-heading326_48fa7a-0d mark.kt-highlight, .wp-block-kadence-advancedheading.kt-adv-heading326_48fa7a-0d[data-kb-block=\"kb-adv-heading326_48fa7a-0d\"] mark.kt-highlight{font-weight:normal;font-style:normal;color:#f76a0c;-webkit-box-decoration-break:clone;box-decoration-break:clone;padding-top:0px;padding-right:0px;padding-bottom:0px;padding-left:0px;}<\/style>\n<h4 class=\"kt-adv-heading326_48fa7a-0d wp-block-kadence-advancedheading has-theme-palette-2-color has-text-color\" data-kb-block=\"kb-adv-heading326_48fa7a-0d\"><strong>Gallery Sound and Vibration<\/strong><\/h4><\/div><\/div>\n<\/div><\/div><style>.kb-row-layout-id326_b6d073-fd > .kt-row-column-wrap{align-content:start;}:where(.kb-row-layout-id326_b6d073-fd > .kt-row-column-wrap) > .wp-block-kadence-column{justify-content:start;}.kb-row-layout-id326_b6d073-fd > .kt-row-column-wrap{column-gap:var(--global-kb-gap-md, 2rem);row-gap:var(--global-kb-gap-md, 2rem);max-width:1200px;margin-left:auto;margin-right:auto;padding-top:80px;padding-right:25px;padding-bottom:80px;padding-left:25px;grid-template-columns:minmax(0, 1fr);}.kb-row-layout-id326_b6d073-fd > .kt-row-layout-overlay{opacity:0.30;}@media all and (max-width: 1024px){.kb-row-layout-id326_b6d073-fd > .kt-row-column-wrap{grid-template-columns:minmax(0, 1fr);}}@media all and (max-width: 767px){.kb-row-layout-id326_b6d073-fd > .kt-row-column-wrap{grid-template-columns:minmax(0, 1fr);}}<\/style><div class=\"kb-row-layout-wrap kb-row-layout-id326_b6d073-fd alignnone wp-block-kadence-rowlayout\"><div class=\"kt-row-column-wrap kt-has-1-columns kt-row-layout-equal kt-tab-layout-inherit kt-mobile-layout-row kt-row-valign-top\">\n<style>.kadence-column326_0024fb-76 > .kt-inside-inner-col,.kadence-column326_0024fb-76 > .kt-inside-inner-col:before{border-top-left-radius:0px;border-top-right-radius:0px;border-bottom-right-radius:0px;border-bottom-left-radius:0px;}.kadence-column326_0024fb-76 > .kt-inside-inner-col{column-gap:var(--global-kb-gap-sm, 1rem);}.kadence-column326_0024fb-76 > .kt-inside-inner-col{flex-direction:column;}.kadence-column326_0024fb-76 > .kt-inside-inner-col > .aligncenter{width:100%;}.kadence-column326_0024fb-76 > .kt-inside-inner-col:before{opacity:0.3;}.kadence-column326_0024fb-76{position:relative;}@media all and (max-width: 1024px){.kadence-column326_0024fb-76 > .kt-inside-inner-col{flex-direction:column;}}@media all and (max-width: 767px){.kadence-column326_0024fb-76 > .kt-inside-inner-col{flex-direction:column;}}<\/style>\n<div class=\"wp-block-kadence-column kadence-column326_0024fb-76 inner-column-1\"><div class=\"kt-inside-inner-col\"><figure class=\"wp-block-gallery has-nested-images columns-3 is-cropped wp-block-gallery-1 is-layout-flex wp-block-gallery-is-layout-flex\"><figure class=\"wp-block-image size-large is-style-default\"><img fetchpriority=\"high\" decoding=\"async\" width=\"1024\" height=\"768\" src=\"http:\/\/justsoundandvibration.com\/wp-content\/uploads\/2024\/02\/image5-1024x768.jpeg\" alt=\"\" class=\"wp-image-2351\" srcset=\"https:\/\/justsoundandvibration.com\/wp-content\/uploads\/2024\/02\/image5-1024x768.jpeg 1024w, https:\/\/justsoundandvibration.com\/wp-content\/uploads\/2024\/02\/image5-300x225.jpeg 300w, https:\/\/justsoundandvibration.com\/wp-content\/uploads\/2024\/02\/image5-768x576.jpeg 768w, https:\/\/justsoundandvibration.com\/wp-content\/uploads\/2024\/02\/image5-1536x1152.jpeg 1536w, https:\/\/justsoundandvibration.com\/wp-content\/uploads\/2024\/02\/image5-600x450.jpeg 600w, https:\/\/justsoundandvibration.com\/wp-content\/uploads\/2024\/02\/image5.jpeg 2016w\" sizes=\"(max-width: 1024px) 100vw, 1024px\" \/><\/figure>\n\n<figure class=\"wp-block-image size-large\"><img decoding=\"async\" width=\"1024\" height=\"768\" src=\"http:\/\/justsoundandvibration.com\/wp-content\/uploads\/2023\/12\/IMG_2437-1-1024x768.jpeg\" alt=\"\" class=\"wp-image-2341\" srcset=\"https:\/\/justsoundandvibration.com\/wp-content\/uploads\/2023\/12\/IMG_2437-1-1024x768.jpeg 1024w, https:\/\/justsoundandvibration.com\/wp-content\/uploads\/2023\/12\/IMG_2437-1-300x225.jpeg 300w, https:\/\/justsoundandvibration.com\/wp-content\/uploads\/2023\/12\/IMG_2437-1-768x576.jpeg 768w, https:\/\/justsoundandvibration.com\/wp-content\/uploads\/2023\/12\/IMG_2437-1-1536x1152.jpeg 1536w, https:\/\/justsoundandvibration.com\/wp-content\/uploads\/2023\/12\/IMG_2437-1-2048x1536.jpeg 2048w, https:\/\/justsoundandvibration.com\/wp-content\/uploads\/2023\/12\/IMG_2437-1-600x450.jpeg 600w\" sizes=\"(max-width: 1024px) 100vw, 1024px\" \/><\/figure>\n\n<figure class=\"wp-block-image size-large\"><img decoding=\"async\" width=\"1024\" height=\"768\" src=\"http:\/\/justsoundandvibration.com\/wp-content\/uploads\/2023\/12\/IMG_2432-1024x768.jpeg\" alt=\"\" class=\"wp-image-2241\" srcset=\"https:\/\/justsoundandvibration.com\/wp-content\/uploads\/2023\/12\/IMG_2432-1024x768.jpeg 1024w, https:\/\/justsoundandvibration.com\/wp-content\/uploads\/2023\/12\/IMG_2432-scaled-600x450.jpeg 600w, https:\/\/justsoundandvibration.com\/wp-content\/uploads\/2023\/12\/IMG_2432-300x225.jpeg 300w, https:\/\/justsoundandvibration.com\/wp-content\/uploads\/2023\/12\/IMG_2432-768x576.jpeg 768w, https:\/\/justsoundandvibration.com\/wp-content\/uploads\/2023\/12\/IMG_2432-1536x1152.jpeg 1536w, https:\/\/justsoundandvibration.com\/wp-content\/uploads\/2023\/12\/IMG_2432-2048x1536.jpeg 2048w\" sizes=\"(max-width: 1024px) 100vw, 1024px\" \/><\/figure>\n\n<figure class=\"wp-block-image size-large\"><img loading=\"lazy\" decoding=\"async\" width=\"768\" height=\"1024\" src=\"http:\/\/justsoundandvibration.com\/wp-content\/uploads\/2024\/02\/image5-copy-768x1024.jpeg\" alt=\"\" class=\"wp-image-2363\" srcset=\"https:\/\/justsoundandvibration.com\/wp-content\/uploads\/2024\/02\/image5-copy-768x1024.jpeg 768w, https:\/\/justsoundandvibration.com\/wp-content\/uploads\/2024\/02\/image5-copy-225x300.jpeg 225w, https:\/\/justsoundandvibration.com\/wp-content\/uploads\/2024\/02\/image5-copy-1152x1536.jpeg 1152w, https:\/\/justsoundandvibration.com\/wp-content\/uploads\/2024\/02\/image5-copy-600x800.jpeg 600w, https:\/\/justsoundandvibration.com\/wp-content\/uploads\/2024\/02\/image5-copy-rotated.jpeg 1158w\" sizes=\"(max-width: 768px) 100vw, 768px\" \/><\/figure>\n\n<figure class=\"wp-block-image size-large\"><img loading=\"lazy\" decoding=\"async\" width=\"768\" height=\"1024\" src=\"http:\/\/justsoundandvibration.com\/wp-content\/uploads\/2024\/02\/image2-768x1024.jpeg\" alt=\"\" class=\"wp-image-2358\" srcset=\"https:\/\/justsoundandvibration.com\/wp-content\/uploads\/2024\/02\/image2-768x1024.jpeg 768w, https:\/\/justsoundandvibration.com\/wp-content\/uploads\/2024\/02\/image2-225x300.jpeg 225w, https:\/\/justsoundandvibration.com\/wp-content\/uploads\/2024\/02\/image2-1152x1536.jpeg 1152w, https:\/\/justsoundandvibration.com\/wp-content\/uploads\/2024\/02\/image2-600x800.jpeg 600w, https:\/\/justsoundandvibration.com\/wp-content\/uploads\/2024\/02\/image2.jpeg 1512w\" sizes=\"(max-width: 768px) 100vw, 768px\" \/><\/figure>\n\n<figure class=\"wp-block-image size-large\"><img loading=\"lazy\" decoding=\"async\" width=\"1024\" height=\"708\" src=\"http:\/\/justsoundandvibration.com\/wp-content\/uploads\/2023\/12\/IMG_5025-1024x708.jpg\" alt=\"\" class=\"wp-image-2256\" srcset=\"https:\/\/justsoundandvibration.com\/wp-content\/uploads\/2023\/12\/IMG_5025-1024x708.jpg 1024w, https:\/\/justsoundandvibration.com\/wp-content\/uploads\/2023\/12\/IMG_5025-scaled-600x415.jpg 600w, https:\/\/justsoundandvibration.com\/wp-content\/uploads\/2023\/12\/IMG_5025-300x207.jpg 300w, https:\/\/justsoundandvibration.com\/wp-content\/uploads\/2023\/12\/IMG_5025-768x531.jpg 768w, https:\/\/justsoundandvibration.com\/wp-content\/uploads\/2023\/12\/IMG_5025-1536x1061.jpg 1536w, https:\/\/justsoundandvibration.com\/wp-content\/uploads\/2023\/12\/IMG_5025-2048x1415.jpg 2048w\" sizes=\"(max-width: 1024px) 100vw, 1024px\" \/><\/figure>\n\n<figure class=\"wp-block-image size-large\"><img loading=\"lazy\" decoding=\"async\" width=\"774\" height=\"1024\" src=\"http:\/\/justsoundandvibration.com\/wp-content\/uploads\/2023\/12\/image5-774x1024.jpeg\" alt=\"\" class=\"wp-image-2195\" srcset=\"https:\/\/justsoundandvibration.com\/wp-content\/uploads\/2023\/12\/image5-774x1024.jpeg 774w, https:\/\/justsoundandvibration.com\/wp-content\/uploads\/2023\/12\/image5-scaled-600x794.jpeg 600w, https:\/\/justsoundandvibration.com\/wp-content\/uploads\/2023\/12\/image5-227x300.jpeg 227w, https:\/\/justsoundandvibration.com\/wp-content\/uploads\/2023\/12\/image5-768x1016.jpeg 768w, https:\/\/justsoundandvibration.com\/wp-content\/uploads\/2023\/12\/image5-1161x1536.jpeg 1161w, https:\/\/justsoundandvibration.com\/wp-content\/uploads\/2023\/12\/image5-1548x2048.jpeg 1548w, https:\/\/justsoundandvibration.com\/wp-content\/uploads\/2023\/12\/image5-scaled.jpeg 1934w\" sizes=\"(max-width: 774px) 100vw, 774px\" \/><\/figure>\n\n<figure class=\"wp-block-image size-full\"><img loading=\"lazy\" decoding=\"async\" width=\"492\" height=\"640\" src=\"http:\/\/justsoundandvibration.com\/wp-content\/uploads\/2024\/04\/image0.jpeg\" alt=\"\" class=\"wp-image-2533\" srcset=\"https:\/\/justsoundandvibration.com\/wp-content\/uploads\/2024\/04\/image0.jpeg 492w, https:\/\/justsoundandvibration.com\/wp-content\/uploads\/2024\/04\/image0-231x300.jpeg 231w\" sizes=\"(max-width: 492px) 100vw, 492px\" \/><\/figure>\n\n<figure class=\"wp-block-image size-large\"><img loading=\"lazy\" decoding=\"async\" width=\"1024\" height=\"768\" src=\"http:\/\/justsoundandvibration.com\/wp-content\/uploads\/2023\/12\/image2-1024x768.jpeg\" alt=\"\" class=\"wp-image-2192\" srcset=\"https:\/\/justsoundandvibration.com\/wp-content\/uploads\/2023\/12\/image2-1024x768.jpeg 1024w, https:\/\/justsoundandvibration.com\/wp-content\/uploads\/2023\/12\/image2-scaled-600x450.jpeg 600w, https:\/\/justsoundandvibration.com\/wp-content\/uploads\/2023\/12\/image2-300x225.jpeg 300w, https:\/\/justsoundandvibration.com\/wp-content\/uploads\/2023\/12\/image2-768x576.jpeg 768w, https:\/\/justsoundandvibration.com\/wp-content\/uploads\/2023\/12\/image2-1536x1152.jpeg 1536w, https:\/\/justsoundandvibration.com\/wp-content\/uploads\/2023\/12\/image2-2048x1536.jpeg 2048w\" sizes=\"(max-width: 1024px) 100vw, 1024px\" \/><\/figure>\n\n<figure class=\"wp-block-image size-large\"><img loading=\"lazy\" decoding=\"async\" width=\"1024\" height=\"768\" src=\"http:\/\/justsoundandvibration.com\/wp-content\/uploads\/2023\/12\/IMG_2430-1024x768.jpeg\" alt=\"\" class=\"wp-image-2239\" srcset=\"https:\/\/justsoundandvibration.com\/wp-content\/uploads\/2023\/12\/IMG_2430-1024x768.jpeg 1024w, https:\/\/justsoundandvibration.com\/wp-content\/uploads\/2023\/12\/IMG_2430-scaled-600x450.jpeg 600w, https:\/\/justsoundandvibration.com\/wp-content\/uploads\/2023\/12\/IMG_2430-300x225.jpeg 300w, https:\/\/justsoundandvibration.com\/wp-content\/uploads\/2023\/12\/IMG_2430-768x576.jpeg 768w, https:\/\/justsoundandvibration.com\/wp-content\/uploads\/2023\/12\/IMG_2430-1536x1152.jpeg 1536w, https:\/\/justsoundandvibration.com\/wp-content\/uploads\/2023\/12\/IMG_2430-2048x1536.jpeg 2048w\" sizes=\"(max-width: 1024px) 100vw, 1024px\" \/><\/figure>\n\n<figure class=\"wp-block-image size-large\"><img loading=\"lazy\" decoding=\"async\" width=\"907\" height=\"1024\" src=\"http:\/\/justsoundandvibration.com\/wp-content\/uploads\/2023\/12\/IMG_1715-907x1024.jpeg\" alt=\"\" class=\"wp-image-2206\" srcset=\"https:\/\/justsoundandvibration.com\/wp-content\/uploads\/2023\/12\/IMG_1715-907x1024.jpeg 907w, https:\/\/justsoundandvibration.com\/wp-content\/uploads\/2023\/12\/IMG_1715-scaled-600x677.jpeg 600w, https:\/\/justsoundandvibration.com\/wp-content\/uploads\/2023\/12\/IMG_1715-266x300.jpeg 266w, https:\/\/justsoundandvibration.com\/wp-content\/uploads\/2023\/12\/IMG_1715-768x867.jpeg 768w, https:\/\/justsoundandvibration.com\/wp-content\/uploads\/2023\/12\/IMG_1715-1361x1536.jpeg 1361w, https:\/\/justsoundandvibration.com\/wp-content\/uploads\/2023\/12\/IMG_1715-1815x2048.jpeg 1815w\" sizes=\"(max-width: 907px) 100vw, 907px\" \/><\/figure><\/figure>\n\n<style>.wp-block-kadence-spacer.kt-block-spacer-326_6e4e64-fa .kt-block-spacer{height:20px;}.wp-block-kadence-spacer.kt-block-spacer-326_6e4e64-fa .kt-divider{border-top-width:1px;height:1px;border-top-color:#eee;width:80%;border-top-style:solid;}<\/style>\n<div class=\"wp-block-kadence-spacer aligncenter kt-block-spacer-326_6e4e64-fa\"><div class=\"kt-block-spacer kt-block-spacer-halign-center\"><\/div><\/div><\/div><\/div>\n<\/div><\/div>","protected":false},"excerpt":{"rendered":"<p>Gallery Sound and Vibration<\/p>","protected":false},"author":1,"featured_media":0,"parent":0,"menu_order":0,"comment_status":"closed","ping_status":"closed","template":"","meta":{"_kadence_starter_templates_imported_post":true,"_kad_post_transparent":"","_kad_post_title":"","_kad_post_layout":"","_kad_post_sidebar_id":"","_kad_post_content_style":"","_kad_post_vertical_padding":"","_kad_post_feature":"","_kad_post_feature_position":"","_kad_post_header":false,"_kad_post_footer":false,"footnotes":""},"class_list":["post-326","page","type-page","status-publish","hentry"],"yoast_head":"<!-- This site is optimized with the Yoast SEO plugin v24.4 - https:\/\/yoast.com\/wordpress\/plugins\/seo\/ -->\n<title>Galeria - justsoundandvibration<\/title>\n<meta name=\"robots\" content=\"index, follow, max-snippet:-1, max-image-preview:large, max-video-preview:-1\" \/>\n<link rel=\"canonical\" href=\"https:\/\/justsoundandvibration.com\/en\/yoga-studio-gallery\/\" \/>\n<meta property=\"og:locale\" content=\"en_GB\" \/>\n<meta property=\"og:type\" content=\"article\" \/>\n<meta property=\"og:title\" content=\"Galeria - justsoundandvibration\" \/>\n<meta property=\"og:description\" content=\"Galleria Sound and Vibration\" \/>\n<meta property=\"og:url\" content=\"https:\/\/justsoundandvibration.com\/en\/yoga-studio-gallery\/\" \/>\n<meta property=\"og:site_name\" content=\"justsoundandvibration\" \/>\n<meta property=\"article:modified_time\" content=\"2024-05-02T16:03:19+00:00\" \/>\n<meta property=\"og:image\" content=\"http:\/\/justsoundandvibration.com\/wp-content\/uploads\/2024\/02\/image5-1024x768.jpeg\" \/>\n<meta name=\"twitter:card\" content=\"summary_large_image\" \/>\n<script type=\"application\/ld+json\" class=\"yoast-schema-graph\">{\"@context\":\"https:\/\/schema.org\",\"@graph\":[{\"@type\":\"WebPage\",\"@id\":\"https:\/\/justsoundandvibration.com\/yoga-studio-gallery\/\",\"url\":\"https:\/\/justsoundandvibration.com\/yoga-studio-gallery\/\",\"name\":\"Galeria - justsoundandvibration\",\"isPartOf\":{\"@id\":\"https:\/\/justsoundandvibration.com\/#website\"},\"primaryImageOfPage\":{\"@id\":\"https:\/\/justsoundandvibration.com\/yoga-studio-gallery\/#primaryimage\"},\"image\":{\"@id\":\"https:\/\/justsoundandvibration.com\/yoga-studio-gallery\/#primaryimage\"},\"thumbnailUrl\":\"http:\/\/justsoundandvibration.com\/wp-content\/uploads\/2024\/02\/image5-1024x768.jpeg\",\"datePublished\":\"2020-04-27T23:13:09+00:00\",\"dateModified\":\"2024-05-02T16:03:19+00:00\",\"breadcrumb\":{\"@id\":\"https:\/\/justsoundandvibration.com\/yoga-studio-gallery\/#breadcrumb\"},\"inLanguage\":\"en-GB\",\"potentialAction\":[{\"@type\":\"ReadAction\",\"target\":[\"https:\/\/justsoundandvibration.com\/yoga-studio-gallery\/\"]}]},{\"@type\":\"ImageObject\",\"inLanguage\":\"en-GB\",\"@id\":\"https:\/\/justsoundandvibration.com\/yoga-studio-gallery\/#primaryimage\",\"url\":\"http:\/\/justsoundandvibration.com\/wp-content\/uploads\/2024\/02\/image5-1024x768.jpeg\",\"contentUrl\":\"http:\/\/justsoundandvibration.com\/wp-content\/uploads\/2024\/02\/image5-1024x768.jpeg\"},{\"@type\":\"BreadcrumbList\",\"@id\":\"https:\/\/justsoundandvibration.com\/yoga-studio-gallery\/#breadcrumb\",\"itemListElement\":[{\"@type\":\"ListItem\",\"position\":1,\"name\":\"Strona g\u0142\u00f3wna\",\"item\":\"https:\/\/justsoundandvibration.com\/\"},{\"@type\":\"ListItem\",\"position\":2,\"name\":\"Galeria\"}]},{\"@type\":\"WebSite\",\"@id\":\"https:\/\/justsoundandvibration.com\/#website\",\"url\":\"https:\/\/justsoundandvibration.com\/\",\"name\":\"justsoundandvibration\",\"description\":\"masa\u017c misami d\u017awi\u0119kowymi\",\"publisher\":{\"@id\":\"https:\/\/justsoundandvibration.com\/#organization\"},\"potentialAction\":[{\"@type\":\"SearchAction\",\"target\":{\"@type\":\"EntryPoint\",\"urlTemplate\":\"https:\/\/justsoundandvibration.com\/?s={search_term_string}\"},\"query-input\":{\"@type\":\"PropertyValueSpecification\",\"valueRequired\":true,\"valueName\":\"search_term_string\"}}],\"inLanguage\":\"en-GB\"},{\"@type\":\"Organization\",\"@id\":\"https:\/\/justsoundandvibration.com\/#organization\",\"name\":\"justsoundandvibration\",\"url\":\"https:\/\/justsoundandvibration.com\/\",\"logo\":{\"@type\":\"ImageObject\",\"inLanguage\":\"en-GB\",\"@id\":\"https:\/\/justsoundandvibration.com\/#\/schema\/logo\/image\/\",\"url\":\"https:\/\/justsoundandvibration.com\/wp-content\/uploads\/2023\/12\/logo-e1714640773169.png\",\"contentUrl\":\"https:\/\/justsoundandvibration.com\/wp-content\/uploads\/2023\/12\/logo-e1714640773169.png\",\"width\":482,\"height\":432,\"caption\":\"justsoundandvibration\"},\"image\":{\"@id\":\"https:\/\/justsoundandvibration.com\/#\/schema\/logo\/image\/\"}}]}<\/script>\n<!-- \/ Yoast SEO plugin. -->","yoast_head_json":{"title":"Galeria - justsoundandvibration","robots":{"index":"index","follow":"follow","max-snippet":"max-snippet:-1","max-image-preview":"max-image-preview:large","max-video-preview":"max-video-preview:-1"},"canonical":"https:\/\/justsoundandvibration.com\/en\/yoga-studio-gallery\/","og_locale":"en_GB","og_type":"article","og_title":"Galeria - justsoundandvibration","og_description":"Galleria Sound and Vibration","og_url":"https:\/\/justsoundandvibration.com\/en\/yoga-studio-gallery\/","og_site_name":"justsoundandvibration","article_modified_time":"2024-05-02T16:03:19+00:00","og_image":[{"url":"http:\/\/justsoundandvibration.com\/wp-content\/uploads\/2024\/02\/image5-1024x768.jpeg","type":"","width":"","height":""}],"twitter_card":"summary_large_image","schema":{"@context":"https:\/\/schema.org","@graph":[{"@type":"WebPage","@id":"https:\/\/justsoundandvibration.com\/yoga-studio-gallery\/","url":"https:\/\/justsoundandvibration.com\/yoga-studio-gallery\/","name":"Galeria - justsoundandvibration","isPartOf":{"@id":"https:\/\/justsoundandvibration.com\/#website"},"primaryImageOfPage":{"@id":"https:\/\/justsoundandvibration.com\/yoga-studio-gallery\/#primaryimage"},"image":{"@id":"https:\/\/justsoundandvibration.com\/yoga-studio-gallery\/#primaryimage"},"thumbnailUrl":"http:\/\/justsoundandvibration.com\/wp-content\/uploads\/2024\/02\/image5-1024x768.jpeg","datePublished":"2020-04-27T23:13:09+00:00","dateModified":"2024-05-02T16:03:19+00:00","breadcrumb":{"@id":"https:\/\/justsoundandvibration.com\/yoga-studio-gallery\/#breadcrumb"},"inLanguage":"en-GB","potentialAction":[{"@type":"ReadAction","target":["https:\/\/justsoundandvibration.com\/yoga-studio-gallery\/"]}]},{"@type":"ImageObject","inLanguage":"en-GB","@id":"https:\/\/justsoundandvibration.com\/yoga-studio-gallery\/#primaryimage","url":"http:\/\/justsoundandvibration.com\/wp-content\/uploads\/2024\/02\/image5-1024x768.jpeg","contentUrl":"http:\/\/justsoundandvibration.com\/wp-content\/uploads\/2024\/02\/image5-1024x768.jpeg"},{"@type":"BreadcrumbList","@id":"https:\/\/justsoundandvibration.com\/yoga-studio-gallery\/#breadcrumb","itemListElement":[{"@type":"ListItem","position":1,"name":"Strona g\u0142\u00f3wna","item":"https:\/\/justsoundandvibration.com\/"},{"@type":"ListItem","position":2,"name":"Galeria"}]},{"@type":"WebSite","@id":"https:\/\/justsoundandvibration.com\/#website","url":"https:\/\/justsoundandvibration.com\/","name":"justsoundandvibration","description":"masa\u017c misami d\u017awi\u0119kowymi","publisher":{"@id":"https:\/\/justsoundandvibration.com\/#organization"},"potentialAction":[{"@type":"SearchAction","target":{"@type":"EntryPoint","urlTemplate":"https:\/\/justsoundandvibration.com\/?s={search_term_string}"},"query-input":{"@type":"PropertyValueSpecification","valueRequired":true,"valueName":"search_term_string"}}],"inLanguage":"en-GB"},{"@type":"Organization","@id":"https:\/\/justsoundandvibration.com\/#organization","name":"justsoundandvibration","url":"https:\/\/justsoundandvibration.com\/","logo":{"@type":"ImageObject","inLanguage":"en-GB","@id":"https:\/\/justsoundandvibration.com\/#\/schema\/logo\/image\/","url":"https:\/\/justsoundandvibration.com\/wp-content\/uploads\/2023\/12\/logo-e1714640773169.png","contentUrl":"https:\/\/justsoundandvibration.com\/wp-content\/uploads\/2023\/12\/logo-e1714640773169.png","width":482,"height":432,"caption":"justsoundandvibration"},"image":{"@id":"https:\/\/justsoundandvibration.com\/#\/schema\/logo\/image\/"}}]}},"_links":{"self":[{"href":"https:\/\/justsoundandvibration.com\/en\/wp-json\/wp\/v2\/pages\/326","targetHints":{"allow":["GET"]}}],"collection":[{"href":"https:\/\/justsoundandvibration.com\/en\/wp-json\/wp\/v2\/pages"}],"about":[{"href":"https:\/\/justsoundandvibration.com\/en\/wp-json\/wp\/v2\/types\/page"}],"author":[{"embeddable":true,"href":"https:\/\/justsoundandvibration.com\/en\/wp-json\/wp\/v2\/users\/1"}],"replies":[{"embeddable":true,"href":"https:\/\/justsoundandvibration.com\/en\/wp-json\/wp\/v2\/comments?post=326"}],"version-history":[{"count":6,"href":"https:\/\/justsoundandvibration.com\/en\/wp-json\/wp\/v2\/pages\/326\/revisions"}],"predecessor-version":[{"id":2583,"href":"https:\/\/justsoundandvibration.com\/en\/wp-json\/wp\/v2\/pages\/326\/revisions\/2583"}],"wp:attachment":[{"href":"https:\/\/justsoundandvibration.com\/en\/wp-json\/wp\/v2\/media?parent=326"}],"curies":[{"name":"wp","href":"https:\/\/api.w.org\/{rel}","templated":true}]}}